{"id":3,"date":"2021-08-07T03:31:24","date_gmt":"2021-08-07T03:31:24","guid":{"rendered":"https:\/\/socioovercomelimits.com\/?page_id=3"},"modified":"2024-03-01T04:55:41","modified_gmt":"2024-03-01T04:55:41","slug":"politica-privacidad","status":"publish","type":"page","link":"https:\/\/socioovercomelimits.com\/index.php\/politica-privacidad\/","title":{"rendered":"Pol\u00edtica de privacidad"},"content":{"rendered":"<div data-colibri-id=\"3-c1\" class=\"style-497 style-local-3-c1 position-relative\">\n  <!---->\n  <div data-colibri-component=\"section\" data-colibri-id=\"3-c2\" id=\"custom\" class=\"h-section h-section-global-spacing d-flex align-items-lg-center align-items-md-center align-items-center style-498 style-local-3-c2 position-relative\">\n    <!---->\n    <!---->\n    <div class=\"h-section-grid-container h-section-boxed-container\">\n      <!---->\n      <div data-colibri-id=\"3-c3\" class=\"h-row-container gutters-row-lg-2 gutters-row-md-2 gutters-row-0 gutters-row-v-lg-2 gutters-row-v-md-2 gutters-row-v-2 style-499 style-local-3-c3 position-relative\">\n        <!---->\n        <div class=\"h-row justify-content-lg-center justify-content-md-center justify-content-center align-items-lg-stretch align-items-md-stretch align-items-stretch gutters-col-lg-2 gutters-col-md-2 gutters-col-0 gutters-col-v-lg-2 gutters-col-v-md-2 gutters-col-v-2\">\n          <!---->\n          <div class=\"h-column h-column-container d-flex h-col-lg-auto h-col-md-auto h-col-auto style-500-outer style-local-3-c4-outer\">\n            <div data-colibri-id=\"3-c4\" class=\"d-flex h-flex-basis h-column__inner h-px-lg-2 h-px-md-2 h-px-2 v-inner-lg-2 v-inner-md-2 v-inner-2 style-500 style-local-3-c4 position-relative\">\n              <!---->\n              <!---->\n              <div class=\"w-100 h-y-container h-column__content h-column__v-align flex-basis-100 align-self-lg-start align-self-md-start align-self-start\">\n                <!---->\n                <div data-colibri-id=\"3-c5\" class=\"h-text h-text-component style-501 style-local-3-c5 position-relative h-element\">\n                  <!---->\n                  <!---->\n                  <div class=\"\">\n                    <h2><strong><br>AVISO DE PRIVACIDAD<\/strong><\/h2>\n                    <p>Para INMOBILIARIA OVERCOME LIMITS S.A.S. DE C.V. Sociedad Financiera de Objeto M\u00faltiple, Entidad Regulada su confianza y privacidad son muy importantes, por ello, queremos hacer de su conocimiento como salvaguardamos la integridad,\n                      protecci\u00f3n y privacidad de su datos e informaci\u00f3n personal en estricto apego a la Ley Federal de Protecci\u00f3n de Datos Personales en Posesi\u00f3n de Particulares (en adelante \u201cLey\u201d), publicada en el Diario Oficial de la Federaci\u00f3n el d\u00eda\n                      5 de julio de 2010. Para poder llevar a cabo las actividades espec\u00edficas de acuerdo al giro mercantil de nuestra empresa, es necesaria la recopilaci\u00f3n de ciertos datos personales para las finalidades descritas en el presente Aviso\n                      de Privacidad. Por consiguiente, tenemos la obligaci\u00f3n de cumplir con las medidas legales y de seguridad para proteger la confidencialidad de los datos personales recabados. Le recomendamos que lea atentamente la siguiente informaci\u00f3n.\n                      Usted tendr\u00e1 disponible en todo momento este Aviso de Privacidad en nuestra p\u00e1gina de internet www.socioovercomelimits.com. Se entender\u00e1 que usted como titular consiente t\u00e1citamente el tratamiento de sus datos cuando habi\u00e9ndose puesto\n                      a su disposici\u00f3n este Aviso de Privacidad, no manifieste su oposici\u00f3n. En caso de realizarse alguna modificaci\u00f3n a este Aviso de Privacidad, se har\u00e1 de su conocimiento a trav\u00e9s de los procedimientos descritos posteriormente en el\n                      presente documento.<\/p>\n                    <p>\n                      <br>\n                    <\/p>\n                    <p><strong>Unidad Especial de Atenci\u00f3n al P\u00fablico.<\/strong>&nbsp; Horario de lunes a viernes de 10:00 a.m. a 7:00 p.m., correo contacto@socioovercomelimits.com<\/p>\n                    <p>\n                      <br>\n                    <\/p>\n                  <\/div>\n                <\/div>\n              <\/div>\n            <\/div>\n          <\/div>\n        <\/div>\n      <\/div>\n    <\/div>\n  <\/div>\n<\/div>","protected":false},"excerpt":{"rendered":"<p>AVISO DE PRIVACIDAD Para INMOBILIARIA OVERCOME LIMITS S.A.S. DE C.V. Sociedad Financiera de Objeto M\u00faltiple, Entidad Regulada su confianza y privacidad son muy importantes, por ello, queremos hacer de su conocimiento como salvaguardamos la integridad, protecci\u00f3n y privacidad de su datos e informaci\u00f3n personal en estricto apego a la Ley Federal de Protecci\u00f3n de Datos [&hellip;]<\/p>\n","protected":false},"author":2,"featured_media":0,"parent":0,"menu_order":0,"comment_status":"closed","ping_status":"open","template":"page-templates\/full-width-page.php","meta":{"footnotes":""},"aioseo_notices":[],"_links":{"self":[{"href":"https:\/\/socioovercomelimits.com\/index.php\/wp-json\/wp\/v2\/pages\/3"}],"collection":[{"href":"https:\/\/socioovercomelimits.com\/index.php\/wp-json\/wp\/v2\/pages"}],"about":[{"href":"https:\/\/socioovercomelimits.com\/index.php\/wp-json\/wp\/v2\/types\/page"}],"author":[{"embeddable":true,"href":"https:\/\/socioovercomelimits.com\/index.php\/wp-json\/wp\/v2\/users\/2"}],"replies":[{"embeddable":true,"href":"https:\/\/socioovercomelimits.com\/index.php\/wp-json\/wp\/v2\/comments?post=3"}],"version-history":[{"count":0,"href":"https:\/\/socioovercomelimits.com\/index.php\/wp-json\/wp\/v2\/pages\/3\/revisions"}],"wp:attachment":[{"href":"https:\/\/socioovercomelimits.com\/index.php\/wp-json\/wp\/v2\/media?parent=3"}],"curies":[{"name":"wp","href":"https:\/\/api.w.org\/{rel}","templated":true}]}}