{"id":2412,"date":"2022-01-15T17:53:53","date_gmt":"2022-01-15T17:53:53","guid":{"rendered":"https:\/\/socioovercomelimits.com\/?page_id=2412"},"modified":"2022-01-15T19:00:13","modified_gmt":"2022-01-15T19:00:13","slug":"plan-compensacion","status":"publish","type":"page","link":"https:\/\/socioovercomelimits.com\/index.php\/plan-compensacion\/","title":{"rendered":"Plan de Compensaci\u00f3n"},"content":{"rendered":"\t\t<div data-elementor-type=\"wp-page\" data-elementor-id=\"2412\" class=\"elementor elementor-2412\" data-elementor-settings=\"{&quot;ha_cmc_init_switcher&quot;:&quot;no&quot;}\">\n\t\t\t\t\t\t<section class=\"elementor-section elementor-top-section elementor-element elementor-element-5ad588bd elementor-section-full_width elementor-section-height-default elementor-section-height-default jltma-glass-effect-no\" data-id=\"5ad588bd\" data-element_type=\"section\" data-settings=\"{&quot;background_background&quot;:&quot;slideshow&quot;,&quot;background_slideshow_gallery&quot;:[],&quot;background_slideshow_loop&quot;:&quot;yes&quot;,&quot;background_slideshow_slide_duration&quot;:5000,&quot;background_slideshow_slide_transition&quot;:&quot;fade&quot;,&quot;background_slideshow_transition_duration&quot;:500,&quot;_ha_eqh_enable&quot;:false}\">\n\t\t\t\t\t\t<div class=\"elementor-container elementor-column-gap-custom\">\n\t\t\t\t\t<div class=\"elementor-column elementor-col-100 elementor-top-column elementor-element elementor-element-6d77fdc9 jltma-glass-effect-no\" data-id=\"6d77fdc9\" data-element_type=\"column\">\n\t\t\t<div class=\"elementor-widget-wrap elementor-element-populated\">\n\t\t\t\t\t\t<div class=\"elementor-element elementor-element-2882a5ab jltma-glass-effect-no ha-has-bg-overlay elementor-widget elementor-widget-text-editor\" data-id=\"2882a5ab\" data-element_type=\"widget\" data-widget_type=\"text-editor.default\">\n\t\t\t\t<div class=\"elementor-widget-container\">\n\t\t\t\t\t\t\t\t\t<p><\/p>\n<p><strong><\/strong><\/p>\n<p style=\"text-align: justify;\">El <span style=\"color: #011447;\"><strong>ADMINISTRADOR<\/strong> puede modificar o actualizar el esquem de comisi\u00f3n por referidos (Plan de compensaci\u00f3n) sin previo aviso o notificaci\u00f3n <strong>EL FONDEADOR<\/strong>, este \u00faltimo acepta lo anterior, teniendo en consideraci\u00f3n que los<br>cambios y adaptaciones son para crecimiento de la empresa y sustentabilidad de la misma para poder cumplir <br>con su objeto como sociedad mercantil. Si se da el caso de modificar o actualizar el plan de compensaci\u00f3n no<br>ser\u00e1 necesario rescindir el presente documento, aceptando t\u00e1citamente las partes y quedando conformes dentro del presente documento, independientemente de que <strong>EL FONDEADOR<\/strong> tenga tiempo de que hayainvertido dentro del esquema tipo crowdfunding. Es menester hacer referencia que el Esquema de Comisiones por referidos siempre se encontrar\u00e1 vigente y actualizado dentro del sitio web, as\u00ed como sus t\u00e9rminos y condiciones de uso, avisos de privacidad y los lineamientos inherentes para la operatividad de <strong>El ADMINISTRADOR<\/strong>. Habiendo cambios o actualizaciones, <strong>EL FONDEADOR<\/strong> al ingresar al sitio web deber\u00e1 aceptarlos para poder seguir ingresando y generando comisiones o rendimientos.<\/span><\/p>\n<p style=\"text-align: justify;\">Es voluntad de el <strong>FONDEADOR<\/strong>, decidir retirar su comisi\u00f3n o hacer uso del Plan de Compensaci\u00f3n para incrementar su capital seg\u00fan el paquete fondeado, al igual que siendo el caso de un Bono, el cual consiste en tener cierto n\u00famero de referidos, pag\u00e1ndose el valor del 10% de la inversi\u00f3n m\u00e1s baja de los 5 referidos que haya tenido en un mes, siendo que debe cumplir con esta meta de 5 referidos en un mes para obtener el bono. El Bono de Comisi\u00f3n Directa por referido, siendo esta el pago del 7% sobre el valor del paquete fondeado o invertido por un fondeador directo del <strong>FONDEADOR<\/strong>.<\/p>\n<p style=\"text-align: justify;\">Para Mayor informaci\u00f3n El Fondeador, puede consultar la actualizaci\u00f3n de las ofertas de inventivos<br>que el <strong>ADMINISTRADOR<\/strong> estipula en el plan de comisiones por referidos, mismos que pueden cambiar sin previo aviso con el fin de favorecer el crecimiento. Los retiros de bonificaci\u00f3n por referidos o ambos, deber\u00e1n ser solicitados m\u00ednimo con una acumulaci\u00f3n de $250.00 (USD), lo cual podr\u00e1 el <strong>FONDEADOR<\/strong> verificar su crecimiento en el sitio web.<\/p>\n<p style=\"text-align: justify;\">En base a lo anterior el <strong>ADMINISTRADOR<\/strong> hace de conocimiento a el <strong>FONDEADOR<\/strong> que cada retiro aplica una comisi\u00f3n, la cual ser\u00e1 el 5% sobre el valor del retiro solicitado. Todo lo anterior, el <strong>FONDEADOR<\/strong> manifiesta su entera conformidad.&nbsp;<\/p>\n<p style=\"text-align: justify;\"><\/p>\n<p style=\"text-align: justify;\">\n<\/p><p><\/p>\t\t\t\t\t\t\t\t<\/div>\n\t\t\t\t<\/div>\n\t\t\t\t\t<\/div>\n\t\t<\/div>\n\t\t\t\t\t<\/div>\n\t\t<\/section>\n\t\t\t\t<\/div>\n\t\t","protected":false},"excerpt":{"rendered":"<p>El ADMINISTRADOR puede modificar o actualizar el esquem de comisi\u00f3n por referidos (Plan de compensaci\u00f3n) sin previo aviso o notificaci\u00f3n EL FONDEADOR, este \u00faltimo acepta lo anterior, teniendo en consideraci\u00f3n que loscambios y adaptaciones son para crecimiento de la empresa y sustentabilidad de la misma para poder cumplir con su objeto como sociedad mercantil. Si [&hellip;]<\/p>\n","protected":false},"author":2,"featured_media":0,"parent":0,"menu_order":0,"comment_status":"closed","ping_status":"open","template":"","meta":{"footnotes":""},"aioseo_notices":[],"_links":{"self":[{"href":"https:\/\/socioovercomelimits.com\/index.php\/wp-json\/wp\/v2\/pages\/2412"}],"collection":[{"href":"https:\/\/socioovercomelimits.com\/index.php\/wp-json\/wp\/v2\/pages"}],"about":[{"href":"https:\/\/socioovercomelimits.com\/index.php\/wp-json\/wp\/v2\/types\/page"}],"author":[{"embeddable":true,"href":"https:\/\/socioovercomelimits.com\/index.php\/wp-json\/wp\/v2\/users\/2"}],"replies":[{"embeddable":true,"href":"https:\/\/socioovercomelimits.com\/index.php\/wp-json\/wp\/v2\/comments?post=2412"}],"version-history":[{"count":0,"href":"https:\/\/socioovercomelimits.com\/index.php\/wp-json\/wp\/v2\/pages\/2412\/revisions"}],"wp:attachment":[{"href":"https:\/\/socioovercomelimits.com\/index.php\/wp-json\/wp\/v2\/media?parent=2412"}],"curies":[{"name":"wp","href":"https:\/\/api.w.org\/{rel}","templated":true}]}}